{"id":140206,"date":"2023-12-13T14:08:45","date_gmt":"2023-12-13T13:08:45","guid":{"rendered":"https:\/\/capucheparis.com\/?page_id=140206"},"modified":"2024-01-16T11:32:39","modified_gmt":"2024-01-16T10:32:39","slug":"capuche-first-landing-page","status":"publish","type":"page","link":"https:\/\/capucheparis.com\/en\/capuche-first-landing-page\/","title":{"rendered":"CAPUCHE first LANDING PAGE"},"content":{"rendered":"<div id=\"sp-page\" class=\"spBgcover sp-content-1\" style=\"background-color: rgb(255, 255, 255); font-family: Poppins, sans-serif; font-weight: 400;\">\n<section id=\"sp-ri2v48\" data-mobile-visibility=\"#sp-ri2v48|false\" data-desktop-visibility=\"#sp-ri2v48|false\" data-mobile-css=\"\" class=\"sp-el-section  spBgcoverscroll\" style=\"background-image: linear-gradient(0deg, rgba(0, 0, 0, 0), rgba(0, 0, 0, 0)), url('https:\/\/capucheparis.com\/wp-content\/uploads\/2022\/11\/SITE.jpg'); background-color: rgb(217, 142, 139); width: 100%; max-width: 100%; padding: 10px;\">\n<div id=\"sp-f48337\" data-mobile-visibility=\"#sp-f48337|false\" data-desktop-visibility=\"#sp-f48337|false\" data-mobile-css=\"\" class=\"sp-el-row sm:sp-flex sp-w-full  sp-m-auto sp-justify-between\" style=\"padding: 0px; width: auto; max-width: 1000px;\">\n<div id=\"sp-roqsi2\" data-mobile-visibility=\"#sp-roqsi2|false\" data-desktop-visibility=\"#sp-roqsi2|false\" data-mobile-css=\"\" class=\"sp-el-col  sp-w-full\" style=\"width: calc(100% + 0px);\">\n<figure id=\"sp-v8xzsu\" data-mobile-css=\"#sp-v8xzsu|text-align:center;\" class=\"sp-image-wrapper sp-el-block\" style=\"margin: 0px; text-align: center;\">\n<div><span><a href=\"https:\/\/www.instagram.com\/capuche.paris\/\" target=\"\" rel=\"noopener\" class=\"sp-inline-block\"><img loading=\"lazy\" src=\"https:\/\/capucheparis.com\/wp-content\/uploads\/2022\/11\/capuche-vichy.jpg\" alt=\"\" width=\"1611\" height=\"900\" srcset=\" https:\/\/capucheparis.com\/wp-content\/uploads\/2022\/11\/capuche-vichy-150x150.jpg 150w, https:\/\/capucheparis.com\/wp-content\/uploads\/2022\/11\/capuche-vichy-300x168.jpg 300w, https:\/\/capucheparis.com\/wp-content\/uploads\/2022\/11\/capuche-vichy-1024x572.jpg 1024w, https:\/\/capucheparis.com\/wp-content\/uploads\/2022\/11\/capuche-vichy.jpg 1611w\" style=\"width: 1611px;\"><\/a><\/span><\/div>\n<\/figure>\n<h1 id=\"sp-d6ci37\" data-mobile-css=\".sp-headline-block-d6ci37, #sp-d6ci37, #d6ci37|text-align:center;\" data-mobile-visibility=\".sp-headline-block-d6ci37|false\" data-desktop-visibility=\".sp-headline-block-d6ci37|false\" class=\"sp-css-target sp-el-block sp-headline-block-d6ci37 sp-type-header\" style=\"text-shadow: rgba(0, 0, 0, 0.3) 5px 5px 20px; text-align: center; margin: 0px;\">CAPUCHE PARIS, lib\u00e9rez-vous les jours de pluie<\/h1>\n<\/div>\n<\/div>\n<\/section>\n<section id=\"sp-nvqo7g\" data-mobile-visibility=\"#sp-nvqo7g|false\" data-desktop-visibility=\"#sp-nvqo7g|false\" data-mobile-css=\"\" class=\"sp-el-section \" style=\"width: 100%; max-width: 100%; padding: 10px; margin-top: 80px;\">\n<div id=\"sp-ek42xo\" data-mobile-visibility=\"#sp-ek42xo|false\" data-desktop-visibility=\"#sp-ek42xo|false\" data-mobile-css=\"\" class=\"sp-el-row sm:sp-flex sp-w-full  sp-m-auto sp-justify-between\" style=\"padding: 0px; width: auto; max-width: 1114px;\">\n<div id=\"sp-ipofaj\" data-mobile-visibility=\"#sp-ipofaj|false\" data-desktop-visibility=\"#sp-ipofaj|false\" data-mobile-css=\"\" class=\"sp-el-col  sp-w-full\" style=\"width: calc(50% + 0px);\">\n<figure id=\"sp-twep1d\" data-mobile-css=\"#sp-twep1d|text-align:center;\" class=\"sp-image-wrapper sp-el-block\" style=\"margin: 0px; text-align: center;\">\n<div><span><img loading=\"lazy\" src=\"https:\/\/capucheparis.com\/wp-content\/uploads\/2023\/12\/Capture-decran-2023-12-12-a-17.44.33.png\" alt=\"\" width=\"1114\" height=\"698\" data-mobile-visibility=\".sp-image-block-twep1d|false\" data-desktop-visibility=\".sp-image-block-twep1d|false\" srcset=\" https:\/\/capucheparis.com\/wp-content\/uploads\/2023\/12\/Capture-decran-2023-12-12-a-17.44.33-150x150.png 150w, https:\/\/capucheparis.com\/wp-content\/uploads\/2023\/12\/Capture-decran-2023-12-12-a-17.44.33-300x188.png 300w, https:\/\/capucheparis.com\/wp-content\/uploads\/2023\/12\/Capture-decran-2023-12-12-a-17.44.33-1024x642.png 1024w, https:\/\/capucheparis.com\/wp-content\/uploads\/2023\/12\/Capture-decran-2023-12-12-a-17.44.33.png 1114w\" class=\"sp-image-block-twep1d\" style=\"width: 1114px;\"><\/span><\/div>\n<\/figure>\n<\/div>\n<div id=\"sp-vouvp9\" data-mobile-visibility=\"#sp-vouvp9|false\" data-desktop-visibility=\"#sp-vouvp9|false\" data-mobile-css=\"\" class=\"sp-el-col  sp-w-full\" style=\"width: calc(50% + 0px);\">\n<figure id=\"sp-kfd7ao\" data-mobile-css=\"#sp-kfd7ao|text-align:center;\" class=\"sp-image-wrapper sp-el-block\" style=\"margin: 0px; text-align: left;\">\n<div><span><img loading=\"lazy\" src=\"https:\/\/capucheparis.com\/wp-content\/uploads\/2023\/12\/Capture-decran-2023-12-12-a-17.44.44.png\" alt=\"\" width=\"1116\" height=\"738\" data-mobile-visibility=\".sp-image-block-kfd7ao|false\" data-desktop-visibility=\".sp-image-block-kfd7ao|false\" srcset=\" https:\/\/capucheparis.com\/wp-content\/uploads\/2023\/12\/Capture-decran-2023-12-12-a-17.44.44-150x150.png 150w, https:\/\/capucheparis.com\/wp-content\/uploads\/2023\/12\/Capture-decran-2023-12-12-a-17.44.44-300x198.png 300w, https:\/\/capucheparis.com\/wp-content\/uploads\/2023\/12\/Capture-decran-2023-12-12-a-17.44.44-1024x677.png 1024w, https:\/\/capucheparis.com\/wp-content\/uploads\/2023\/12\/Capture-decran-2023-12-12-a-17.44.44.png 1116w\" class=\"sp-image-block-kfd7ao\" style=\"padding: 1px; background-color: rgb(255, 255, 255); width: 1116px; border-width: 1px; border-style: solid; border-color: rgb(222, 222, 222);\"><\/span><\/div>\n<\/figure>\n<\/div>\n<\/div>\n<\/section>\n<section id=\"sp-adhgvt\" data-mobile-visibility=\"#sp-adhgvt|false\" data-desktop-visibility=\"#sp-adhgvt|false\" data-mobile-css=\"\" class=\"sp-el-section \" style=\"background-color: rgb(0, 0, 0); width: 100%; max-width: 100%; padding: 10px; margin-top: 100px;\">\n<div id=\"sp-he7l32\" data-mobile-visibility=\"#sp-he7l32|false\" data-desktop-visibility=\"#sp-he7l32|false\" data-mobile-css=\"\" class=\"sp-el-row sm:sp-flex sp-w-full  sp-m-auto sp-justify-between\" style=\"padding: 0px; width: auto; max-width: 1000px; margin-top: 36px;\">\n<div id=\"sp-xs9mic\" data-mobile-visibility=\"#sp-xs9mic|false\" data-desktop-visibility=\"#sp-xs9mic|false\" data-mobile-css=\"\" class=\"sp-el-col  sp-w-full\" style=\"width: calc(100% + 0px);\">\n<style type=\"text\/css\">\n      #sp-xs9mic .sp-col-top .seedprod-shape-fill {fill: undefined;} #sp-xs9mic .sp-col-top svg {width: undefined%;height: undefinedpx;transform: translateX(-50%);} #sp-xs9mic .sp-col-bottom .seedprod-shape-fill {fill: undefined;} #sp-xs9mic .sp-col-bottom svg {width: undefined%;height: undefinedpx;transform: translateX(-50%);}\n    <\/style>\n<div class=\"sp-col-shape sp-col-top\" style=\"z-index: 0;\">\n<div><\/div>\n<\/div>\n<div class=\"sp-col-shape sp-col-bottom\" style=\"z-index: 0;\">\n<div><\/div>\n<\/div>\n<h2 id=\"sp-yhjc0n\" data-mobile-css=\".sp-headline-block-yhjc0n, #sp-yhjc0n, #yhjc0n|text-align:center;\" data-mobile-visibility=\".sp-headline-block-yhjc0n|false\" data-desktop-visibility=\".sp-headline-block-yhjc0n|false\" class=\"sp-css-target sp-el-block sp-headline-block-yhjc0n sp-type-header\" style=\"font-size: 46px; text-align: left; margin: 19px 0px 0px;\">plein de bonnes raisons de vous laisser tenter, pour vous ou pour vos ch\u00e8res &#8230;<\/h2>\n<\/div>\n<\/div>\n<div id=\"sp-zoax0d\" data-mobile-visibility=\"#sp-zoax0d|false\" data-desktop-visibility=\"#sp-zoax0d|false\" data-mobile-css=\"\" class=\"sp-el-row sm:sp-flex sp-w-full  sp-m-auto sp-justify-between\" style=\"padding: 0px; width: auto; max-width: 1180px; margin-top: 40px;\">\n<div id=\"sp-t6nwzc\" data-mobile-visibility=\"#sp-t6nwzc|false\" data-desktop-visibility=\"#sp-t6nwzc|false\" data-mobile-css=\"\" class=\"sp-el-col  sp-w-full\" style=\"width: calc(50% - 1px);\">\n<style type=\"text\/css\">\n      #sp-t6nwzc .sp-col-top .seedprod-shape-fill {fill: undefined;} #sp-t6nwzc .sp-col-top svg {width: undefined%;height: undefinedpx;transform: translateX(-50%);} #sp-t6nwzc .sp-col-bottom .seedprod-shape-fill {fill: undefined;} #sp-t6nwzc .sp-col-bottom svg {width: undefined%;height: undefinedpx;transform: translateX(-50%);}\n    <\/style>\n<div class=\"sp-col-shape sp-col-top\" style=\"z-index: 0;\">\n<div><\/div>\n<\/div>\n<div class=\"sp-col-shape sp-col-bottom\" style=\"z-index: 0;\">\n<div><\/div>\n<\/div>\n<div id=\"sp-b6vhom\" data-mobile-css=\"#sp-b6vhom|height:10px;\" class=\"sp-spacer\" style=\"height: 60px;\"><\/div>\n<h3 id=\"sp-yjl0y7\" data-mobile-css=\".sp-headline-block-yjl0y7, #sp-yjl0y7, #yjl0y7|text-align:center;\" data-mobile-visibility=\".sp-headline-block-yjl0y7|false\" data-desktop-visibility=\".sp-headline-block-yjl0y7|false\" class=\"sp-css-target sp-el-block sp-headline-block-yjl0y7 sp-type-header\" style=\"font-size: 36px; text-align: left; margin: 19px 0px 0px;\">\n<p>Vous n&#8217;avez pas pu passer \u00e0 c\u00f4t\u00e9 !<\/p>\n<\/h3>\n<div id=\"sp-uluf31\" data-mobile-css=\".sp-text-wrapper-uluf31, #sp-uluf31, #uluf31|text-align:left;\" data-mobile-visibility=\".sp-text-wrapper-uluf31|false\" data-desktop-visibility=\".sp-text-wrapper-uluf31|false\" class=\"sp-css-target sp-text-wrapper sp-el-block sp-text-wrapper-uluf31\" style=\"margin: 0px; text-align: left;\">\n<p>Tout le monde en parle, il vous faut la v\u00f4tre!<br \/>La presse s\u2019est empar\u00e9e de cette trouvaille d\u00e8s ses d\u00e9buts en 2017 ! <strong>Pratique, bien pens\u00e9, joli comme tout, dr\u00f4le, d\u00e9cal\u00e9 et engag\u00e9, il fallait y penser !<\/strong><br \/>En 2020, la marque d\u00e9tonne lors de son passage \u00e0 la premi\u00e8re \u00e9dition de l\u2019\u00e9mission \u00ab Qui Veut \u00catre mon Associ\u00e9 ? \u00bb sur M6. <br \/>Elle est distribu\u00e9e \u00e0 la Samaritaine, au Mus\u00e9e des Arts D\u00e9coratifs de Paris, au Bon March\u00e9 Rive Gauche ainsi qu&#8217; une bonne centaine de concept-stores d\u00e9tendeurs de tendances en France et \u00e0 l&#8217;\u00e9tranger.&nbsp;<\/p>\n<\/div>\n<div id=\"sp-button-parent-y2bxj3\" data-mobile-css=\"#sp-button-parent-y2bxj3|text-align:center;\" class=\"sp-button-wrapper sp-el-block\" style=\"margin: 18px 0px 0px;\"><a href=\"https:\/\/capucheparis.com\/presse\/\" id=\"sp-y2bxj3\" data-mobile-css=\"\" data-mobile-visibility=\".sp-button-y2bxj3|false\" data-desktop-visibility=\".sp-button-y2bxj3|false\" target=\"\" rel=\"noopener\" class=\"sp-button sp-css-target sp-text-center sp-inline-block sp-leading-none sp-button-y2bxj3\" style=\"text-transform: uppercase; font-size: 22px; background: none; color: rgb(255, 255, 255); width: 100%; padding: 16px 20px;\"><span>D\u00e9couvrez l&#8217;avis des experts<\/span><span><span id=\"sp-button-sub-text-y2bxj3\" data-mobile-css=\"\" class=\"sp-button-sub-txt sp-block sp-mt-1 sp-opacity-75\" style=\"font-size: 16px; line-height: 1;\">T\u00e9l\u00e9 \/ presse Capuche paris<\/span><\/span><\/a><\/div>\n<\/div>\n<div id=\"sp-nsm156\" data-mobile-visibility=\"#sp-nsm156|false\" data-desktop-visibility=\"#sp-nsm156|false\" data-mobile-css=\"\" class=\"sp-el-col  sp-w-full\" style=\"width: calc(50% - 1px);\">\n<style type=\"text\/css\">\n      #sp-nsm156 .sp-col-top .seedprod-shape-fill {fill: undefined;} #sp-nsm156 .sp-col-top svg {width: undefined%;height: undefinedpx;transform: translateX(-50%);} #sp-nsm156 .sp-col-bottom .seedprod-shape-fill {fill: undefined;} #sp-nsm156 .sp-col-bottom svg {width: undefined%;height: undefinedpx;transform: translateX(-50%);}\n    <\/style>\n<div class=\"sp-col-shape sp-col-top\" style=\"z-index: 0;\">\n<div><\/div>\n<\/div>\n<div class=\"sp-col-shape sp-col-bottom\" style=\"z-index: 0;\">\n<div><\/div>\n<\/div>\n<figure id=\"sp-zuarx3\" data-mobile-css=\"#sp-zuarx3|text-align:center;\" class=\"sp-image-wrapper sp-el-block\" style=\"margin: 0px; text-align: center;\">\n<div><span><a href=\"https:\/\/capucheparis.com\/presse\/\" target=\"\" rel=\"noopener\" class=\"sp-inline-block\"><img loading=\"lazy\" src=\"https:\/\/capucheparis.com\/wp-content\/uploads\/2023\/12\/QVMACAPUCHE.jpg\" alt=\"Capuche Paris QUI VEUT ETRE MON ASSOCIE M6\" width=\"1937\" height=\"1962\" srcset=\" https:\/\/capucheparis.com\/wp-content\/uploads\/2023\/12\/QVMACAPUCHE-150x150.jpg 150w, https:\/\/capucheparis.com\/wp-content\/uploads\/2023\/12\/QVMACAPUCHE-296x300.jpg 296w, https:\/\/capucheparis.com\/wp-content\/uploads\/2023\/12\/QVMACAPUCHE-1011x1024.jpg 1011w, https:\/\/capucheparis.com\/wp-content\/uploads\/2023\/12\/QVMACAPUCHE.jpg 1937w\" style=\"width: 1937%;\"><\/a><\/span><\/div>\n<\/figure>\n<\/div>\n<\/div>\n<div id=\"sp-zaqmto\" data-mobile-visibility=\"#sp-zaqmto|false\" data-desktop-visibility=\"#sp-zaqmto|false\" data-mobile-css=\"\" class=\"sp-el-row sm:sp-flex sp-w-full  sp-m-auto sp-justify-between\" style=\"padding: 0px; width: auto; max-width: 1000px; margin-top: 40px;\">\n<div id=\"sp-homcbp\" data-mobile-visibility=\"#sp-homcbp|false\" data-desktop-visibility=\"#sp-homcbp|false\" data-mobile-css=\"\" class=\"sp-el-col  sp-w-full\" style=\"width: calc(50% + 0px);\">\n<style type=\"text\/css\">\n      #sp-homcbp .sp-col-top .seedprod-shape-fill {fill: undefined;} #sp-homcbp .sp-col-top svg {width: undefined%;height: undefinedpx;transform: translateX(-50%);} #sp-homcbp .sp-col-bottom .seedprod-shape-fill {fill: undefined;} #sp-homcbp .sp-col-bottom svg {width: undefined%;height: undefinedpx;transform: translateX(-50%);}\n    <\/style>\n<div class=\"sp-col-shape sp-col-top\" style=\"z-index: 0;\">\n<div><\/div>\n<\/div>\n<div class=\"sp-col-shape sp-col-bottom\" style=\"z-index: 0;\">\n<div><\/div>\n<\/div>\n<figure id=\"sp-scrwn3\" data-mobile-css=\"#sp-scrwn3|text-align:center;\" class=\"sp-image-wrapper sp-el-block\" style=\"margin: 0px; text-align: center;\">\n<div><span><a href=\"https:\/\/capucheparis.com\/capuches\/best-sellers\/\" target=\"\" rel=\"noopener\" class=\"sp-inline-block\"><img loading=\"lazy\" src=\"https:\/\/capucheparis.com\/wp-content\/uploads\/2020\/10\/profil-bandana-bleu-beige-paris.jpg\" alt=\"Capuche imprim\u00e9s Bleu Indigo\" width=\"1000\" height=\"1000\" srcset=\" https:\/\/capucheparis.com\/wp-content\/uploads\/2020\/10\/profil-bandana-bleu-beige-paris-150x150.jpg 150w, https:\/\/capucheparis.com\/wp-content\/uploads\/2020\/10\/profil-bandana-bleu-beige-paris-300x300.jpg 300w, https:\/\/capucheparis.com\/wp-content\/uploads\/2020\/10\/profil-bandana-bleu-beige-paris.jpg 1000w\" style=\"width: 1000%;\"><\/a><\/span><\/div>\n<\/figure>\n<\/div>\n<div id=\"sp-ouvkvr\" data-mobile-visibility=\"#sp-ouvkvr|false\" data-desktop-visibility=\"#sp-ouvkvr|false\" data-mobile-css=\"\" class=\"sp-el-col  sp-w-full\" style=\"width: calc(50% + 0px);\">\n<style type=\"text\/css\">\n      #sp-ouvkvr .sp-col-top .seedprod-shape-fill {fill: undefined;} #sp-ouvkvr .sp-col-top svg {width: undefined%;height: undefinedpx;transform: translateX(-50%);} #sp-ouvkvr .sp-col-bottom .seedprod-shape-fill {fill: undefined;} #sp-ouvkvr .sp-col-bottom svg {width: undefined%;height: undefinedpx;transform: translateX(-50%);}\n    <\/style>\n<div class=\"sp-col-shape sp-col-top\" style=\"z-index: 0;\">\n<div><\/div>\n<\/div>\n<div class=\"sp-col-shape sp-col-bottom\" style=\"z-index: 0;\">\n<div><\/div>\n<\/div>\n<div id=\"sp-l14uax\" data-mobile-css=\"#sp-l14uax|height:10px;\" class=\"sp-spacer\" style=\"height: 60px;\"><\/div>\n<h3 id=\"sp-exvr8f\" data-mobile-css=\".sp-headline-block-exvr8f, #sp-exvr8f, #exvr8f|text-align:center;\" data-mobile-visibility=\".sp-headline-block-exvr8f|false\" data-desktop-visibility=\".sp-headline-block-exvr8f|false\" class=\"sp-css-target sp-el-block sp-headline-block-exvr8f sp-type-header\" style=\"font-size: 36px; text-align: left; margin: 19px 0px 0px;\">indispensable ! il pleuT 1 jour sur 2 en moyenne et oui !<\/h3>\n<div id=\"sp-t01s19\" data-mobile-css=\".sp-text-wrapper-t01s19, #sp-t01s19, #t01s19|text-align:left;\" data-mobile-visibility=\".sp-text-wrapper-t01s19|false\" data-desktop-visibility=\".sp-text-wrapper-t01s19|false\" class=\"sp-css-target sp-text-wrapper sp-el-block sp-text-wrapper-t01s19\" style=\"margin: 0px; text-align: left;\">\n<p>Capuche Paris, anciennement Capuches \u00e0 M\u00e9m\u00e9 (la cr\u00e9atrice rend hommage \u00e0 sa grand-m\u00e8re et r\u00e9invente un concept que l&#8217;on conna\u00eet tous), c&#8217;est LA marque de capuches de pluie amovibles qui relance cette tendance en 2017 et se rend indispensable les jours de pluie. <br \/>Cach\u00e9e dans votre sac \u00e0 main, elle fait la taille d&#8217;un paquet de mouchoir, impossible de se retrouver d\u00e9pourvue d\u00e8s les premi\u00e8ers gouttes. Une fois enfil\u00e9e, \u00e0 vous de jouer, avec style, &nbsp;les mains libres, l&#8217;esprit aussi !&nbsp;<\/p>\n<\/div>\n<div id=\"sp-button-parent-qvz8av\" data-mobile-css=\"#sp-button-parent-qvz8av|text-align:center;\" class=\"sp-button-wrapper sp-el-block\" style=\"margin: 18px 0px 0px;\"><a href=\"https:\/\/capucheparis.com\/2020\/02\/05\/capuches-a-meme-dans-le-19-45-du-mercredi-5-fevrier-2020\/\" id=\"sp-qvz8av\" data-mobile-css=\"\" data-mobile-visibility=\".sp-button-qvz8av|false\" data-desktop-visibility=\".sp-button-qvz8av|false\" target=\"\" rel=\"noopener\" class=\"sp-button sp-css-target sp-text-center sp-inline-block sp-leading-none sp-button-qvz8av\" style=\"text-transform: uppercase; font-size: 22px; background: none; color: rgb(255, 255, 255); width: 100%; padding: 16px 20px;\"><span>d\u00e9couvrez le produit<\/span><span><span id=\"sp-button-sub-text-qvz8av\" data-mobile-css=\"\" class=\"sp-button-sub-txt sp-block sp-mt-1 sp-opacity-75\" style=\"font-size: 16px; line-height: 1;\">JT M6<\/span><\/span><\/a><\/div>\n<\/div>\n<\/div>\n<div id=\"sp-j6ef4k\" data-mobile-visibility=\"#sp-j6ef4k|false\" data-desktop-visibility=\"#sp-j6ef4k|false\" data-mobile-css=\"\" class=\"sp-el-row sm:sp-flex sp-w-full  sp-m-auto sp-justify-between\" style=\"padding: 0px; width: auto; max-width: 1000px;\">\n<div id=\"sp-uyn1sv\" data-mobile-visibility=\"#sp-uyn1sv|false\" data-desktop-visibility=\"#sp-uyn1sv|false\" data-mobile-css=\"\" class=\"sp-el-col  sp-w-full\" style=\"width: calc(100% + 0px);\">\n<style type=\"text\/css\">\n      #sp-uyn1sv .sp-col-top .seedprod-shape-fill {fill: undefined;} #sp-uyn1sv .sp-col-top svg {width: undefined%;height: undefinedpx;transform: translateX(-50%);} #sp-uyn1sv .sp-col-bottom .seedprod-shape-fill {fill: undefined;} #sp-uyn1sv .sp-col-bottom svg {width: undefined%;height: undefinedpx;transform: translateX(-50%);}\n    <\/style>\n<div class=\"sp-col-shape sp-col-top\" style=\"z-index: 0;\">\n<div><\/div>\n<\/div>\n<div class=\"sp-col-shape sp-col-bottom\" style=\"z-index: 0;\">\n<div><\/div>\n<\/div>\n<div id=\"sp-duean5\" data-mobile-css=\"#sp-duean5|height:10px;\" class=\"sp-spacer\" style=\"height: 60px;\"><\/div>\n<figure id=\"sp-gd17l8\" data-mobile-css=\"#sp-gd17l8|text-align:center;\" class=\"sp-image-wrapper sp-el-block\" style=\"margin: 0px; text-align: center;\">\n<div><span><a href=\"https:\/\/capucheparis.com\/capuches\/best-sellers\/\" target=\"\" rel=\"noopener\" class=\"sp-inline-block\"><img loading=\"lazy\" src=\"https:\/\/capucheparis.com\/wp-content\/uploads\/2022\/07\/Sans-titre-2-copie.jpg\" alt=\"Capuche imprim\u00e9s Bleu Indigo\" width=\"3000\" height=\"1700\" srcset=\" https:\/\/capucheparis.com\/wp-content\/uploads\/2022\/07\/Sans-titre-2-copie-150x150.jpg 150w, https:\/\/capucheparis.com\/wp-content\/uploads\/2022\/07\/Sans-titre-2-copie-300x170.jpg 300w, https:\/\/capucheparis.com\/wp-content\/uploads\/2022\/07\/Sans-titre-2-copie-1024x580.jpg 1024w, https:\/\/capucheparis.com\/wp-content\/uploads\/2022\/07\/Sans-titre-2-copie.jpg 3000w\" style=\"width: 3000%;\"><\/a><\/span><\/div>\n<\/figure>\n<h3 id=\"sp-ubtqdg\" data-mobile-css=\".sp-headline-block-ubtqdg, #sp-ubtqdg, #ubtqdg|text-align:center;\" data-mobile-visibility=\".sp-headline-block-ubtqdg|false\" data-desktop-visibility=\".sp-headline-block-ubtqdg|false\" class=\"sp-css-target sp-el-block sp-headline-block-ubtqdg sp-type-header\" style=\"font-size: 42px; text-align: center; margin: 19px 0px 0px;\">Finis le parapluie, le maquillage qui coule et les frisotis !<\/h3>\n<div id=\"sp-button-parent-cvqer2\" data-mobile-css=\"#sp-button-parent-cvqer2|text-align:center;\" class=\"sp-button-wrapper sp-el-block\" style=\"margin: 18px 0px 0px; text-align: center;\"><a href=\"https:\/\/capucheparis.com\/e-shop\/\" id=\"sp-cvqer2\" data-mobile-css=\"\" data-mobile-visibility=\".sp-button-cvqer2|false\" data-desktop-visibility=\".sp-button-cvqer2|false\" target=\"\" rel=\"noopener\" class=\"sp-button sp-css-target sp-text-center sp-inline-block sp-leading-none sp-button-cvqer2\" style=\"text-transform: uppercase; font-size: 32px; background: rgb(217, 142, 139); color: rgb(255, 255, 255); width: auto; padding: 28px 32px;\"><span id=\"cvqer2\" class=\"mce-content-body html4-captions\"   style=\"position: relative;\">d\u00e9couvrez nos produits<\/span><span><span id=\"sp-button-sub-text-cvqer2\" data-mobile-css=\"\" class=\"sp-block sp-mt-1 sp-opacity-75 mce-content-body html4-captions\"   style=\"font-size: 26px; line-height: 1; position: relative;\">vous allez adorer<\/span><\/span><\/a><\/div>\n<div id=\"sp-pk8w63\" data-mobile-css=\"#sp-pk8w63|height:10px;\" class=\"sp-spacer\" style=\"height: 159px;\"><\/div>\n<\/div>\n<\/div>\n<\/section>\n<section id=\"sp-kfa1cp\" data-mobile-visibility=\"#sp-kfa1cp|false\" data-desktop-visibility=\"#sp-kfa1cp|false\" data-mobile-css=\"\" class=\"sp-el-section \" style=\"width: 100%; max-width: 100%;\">\n<div id=\"sp-rix4i2\" data-mobile-visibility=\"#sp-rix4i2|false\" data-desktop-visibility=\"#sp-rix4i2|false\" data-mobile-css=\"\" class=\"sp-el-row sm:sp-flex sp-w-full  sp-m-auto sp-justify-between\">\n<div id=\"sp-tu07v3\" data-mobile-visibility=\"#sp-tu07v3|false\" data-desktop-visibility=\"#sp-tu07v3|false\" data-mobile-css=\"\" class=\"sp-el-col  sp-w-full\" style=\"width: calc(100% + 0px);\"><\/div>\n<\/div>\n<\/section>\n<\/div>\n","protected":false},"excerpt":{"rendered":"<p>CAPUCHE PARIS, lib\u00e9rez-vous les jours de pluie plein de bonnes raisons de vous laisser tenter, pour vous ou pour vos ch\u00e8res &#8230; Vous n&#8217;avez pas pu passer \u00e0 c\u00f4t\u00e9 ! Tout le monde en parle, il vous faut la v\u00f4tre!La presse s\u2019est empar\u00e9e de cette trouvaille d\u00e8s ses d\u00e9buts en 2017 ! Pratique, bien pens\u00e9, [&hellip;]<\/p>\n","protected":false},"author":4,"featured_media":0,"parent":0,"menu_order":0,"comment_status":"closed","ping_status":"closed","template":"","meta":[],"_links":{"self":[{"href":"https:\/\/capucheparis.com\/en\/wp-json\/wp\/v2\/pages\/140206"}],"collection":[{"href":"https:\/\/capucheparis.com\/en\/wp-json\/wp\/v2\/pages"}],"about":[{"href":"https:\/\/capucheparis.com\/en\/wp-json\/wp\/v2\/types\/page"}],"author":[{"embeddable":true,"href":"https:\/\/capucheparis.com\/en\/wp-json\/wp\/v2\/users\/4"}],"replies":[{"embeddable":true,"href":"https:\/\/capucheparis.com\/en\/wp-json\/wp\/v2\/comments?post=140206"}],"version-history":[{"count":14,"href":"https:\/\/capucheparis.com\/en\/wp-json\/wp\/v2\/pages\/140206\/revisions"}],"predecessor-version":[{"id":140280,"href":"https:\/\/capucheparis.com\/en\/wp-json\/wp\/v2\/pages\/140206\/revisions\/140280"}],"wp:attachment":[{"href":"https:\/\/capucheparis.com\/en\/wp-json\/wp\/v2\/media?parent=140206"}],"curies":[{"name":"wp","href":"https:\/\/api.w.org\/{rel}","templated":true}]}}